{"id":24,"date":"2025-02-28T00:34:15","date_gmt":"2025-02-28T00:34:15","guid":{"rendered":"https:\/\/megacleaningsolutionsllc.com\/contact\/"},"modified":"2025-09-14T12:12:12","modified_gmt":"2025-09-14T12:12:12","slug":"contact","status":"publish","type":"page","link":"https:\/\/megacleaningsolutionsllc.com\/es\/contact\/","title":{"rendered":"Contactanos"},"content":{"rendered":"<div data-elementor-type=\"wp-post\" data-elementor-id=\"24\" class=\"elementor elementor-24\">\n\t\t\t\t<div class=\"elementor-element elementor-element-874b428 e-flex e-con-boxed e-con e-parent\" data-id=\"874b428\" data-element_type=\"container\" data-e-type=\"container\" data-settings=\"{&quot;background_background&quot;:&quot;classic&quot;}\">\n\t\t\t\t\t<div class=\"e-con-inner\">\n\t\t<div class=\"elementor-element elementor-element-d6b4c36 e-con-full e-flex e-con e-child\" data-id=\"d6b4c36\" data-element_type=\"container\" data-e-type=\"container\">\n\t\t\t\t<div class=\"elementor-element elementor-element-f9177d5 elementor-widget elementor-widget-heading\" data-id=\"f9177d5\" data-element_type=\"widget\" data-e-type=\"widget\" data-widget_type=\"heading.default\">\n\t\t\t\t<div class=\"elementor-widget-container\">\n\t\t\t\t\t<h1 class=\"elementor-heading-title elementor-size-default\">Cont\u00e1ctenos y disfrute de su tiempo libre<\/h1>\t\t\t\t<\/div>\n\t\t\t\t<\/div>\n\t\t\t\t<\/div>\n\t\t\t\t\t<\/div>\n\t\t\t\t<\/div>\n\t\t<div class=\"elementor-element elementor-element-353e5ba e-flex e-con-boxed e-con e-parent\" data-id=\"353e5ba\" data-element_type=\"container\" data-e-type=\"container\">\n\t\t\t\t\t<div class=\"e-con-inner\">\n\t\t<div class=\"elementor-element elementor-element-f74a8ec e-con-full e-flex e-con e-child\" data-id=\"f74a8ec\" data-element_type=\"container\" data-e-type=\"container\">\n\t\t\t\t<div class=\"elementor-element elementor-element-4b8de31 elementor-invisible elementor-widget elementor-widget-heading\" data-id=\"4b8de31\" data-element_type=\"widget\" data-e-type=\"widget\" data-settings=\"{&quot;_animation&quot;:&quot;slideInLeft&quot;}\" data-widget_type=\"heading.default\">\n\t\t\t\t<div class=\"elementor-widget-container\">\n\t\t\t\t\t<h2 class=\"elementor-heading-title elementor-size-default\">Servicios de limpieza profesional en Texas: cont\u00e1ctenos ahora<\/h2>\t\t\t\t<\/div>\n\t\t\t\t<\/div>\n\t\t\t\t<div class=\"elementor-element elementor-element-de2c6ec elementor-invisible elementor-widget elementor-widget-text-editor\" data-id=\"de2c6ec\" data-element_type=\"widget\" data-e-type=\"widget\" data-settings=\"{&quot;_animation&quot;:&quot;slideInLeft&quot;}\" data-widget_type=\"text-editor.default\">\n\t\t\t\t<div class=\"elementor-widget-container\">\n\t\t\t\t\t\t\t\t\t<p>\u00bfBusca servicios de limpieza profesionales en Texas? Mega Cleaning Solutions ofrece servicios de limpieza de primer nivel para espacios residenciales y comerciales. P\u00f3ngase en contacto con nosotros hoy mismo para obtener un presupuesto de limpieza gratuito. Nuestro equipo est\u00e1 listo para brindar servicios de limpieza r\u00e1pidos, confiables y completos para su hogar o negocio.<\/p>\t\t\t\t\t\t\t\t<\/div>\n\t\t\t\t<\/div>\n\t\t\t\t<div class=\"elementor-element elementor-element-d6fa8e2 elementor-widget-divider--view-line elementor-widget elementor-widget-divider\" data-id=\"d6fa8e2\" data-element_type=\"widget\" data-e-type=\"widget\" data-widget_type=\"divider.default\">\n\t\t\t\t<div class=\"elementor-widget-container\">\n\t\t\t\t\t\t\t<div class=\"elementor-divider\">\n\t\t\t<span class=\"elementor-divider-separator\">\n\t\t\t\t\t\t<\/span>\n\t\t<\/div>\n\t\t\t\t\t\t<\/div>\n\t\t\t\t<\/div>\n\t\t\t\t<div class=\"elementor-element elementor-element-c72e8ca elementor-invisible elementor-widget elementor-widget-shortcode\" data-id=\"c72e8ca\" data-element_type=\"widget\" data-e-type=\"widget\" id=\"form-contact\" data-settings=\"{&quot;_animation&quot;:&quot;slideInLeft&quot;}\" data-widget_type=\"shortcode.default\">\n\t\t\t\t<div class=\"elementor-widget-container\">\n\t\t\t\t\t\t\t<div class=\"elementor-shortcode\"><div class=\"wpforms-container\" id=\"wpforms-1109\"><form id=\"wpforms-form-1109\" class=\"wpforms-validate wpforms-form\" data-formid=\"1109\" method=\"post\" enctype=\"multipart\/form-data\" action=\"\/es\/wp-json\/wp\/v2\/pages\/24\" data-token=\"aeec3c56f563bdb3fbc9b08f287d657a\" data-token-time=\"1777963347\" data-trp-original-action=\"\/es\/wp-json\/wp\/v2\/pages\/24\"><noscript class=\"wpforms-error-noscript\">Por favor, activa JavaScript en tu navegador para completar este formulario.<\/noscript><div class=\"wpforms-field-container\"><div id=\"wpforms-1109-field_0-container\" class=\"wpforms-field wpforms-field-name\" data-field-id=\"0\"><label class=\"wpforms-field-label wpforms-label-hide\" for=\"wpforms-1109-field_0\">Nombre <span class=\"wpforms-required-label\">*<\/span><\/label><input type=\"text\" id=\"wpforms-1109-field_0\" class=\"wpforms-field-large wpforms-field-required\" name=\"wpforms[fields][0]\" placeholder=\"Nombre\" required><\/div><div id=\"wpforms-1109-field_1-container\" class=\"wpforms-field wpforms-field-email\" data-field-id=\"1\"><label class=\"wpforms-field-label wpforms-label-hide\" for=\"wpforms-1109-field_1\">Correo electr\u00f3nico <span class=\"wpforms-required-label\">*<\/span><\/label><input type=\"email\" id=\"wpforms-1109-field_1\" class=\"wpforms-field-large wpforms-field-required\" name=\"wpforms[fields][1]\" placeholder=\"Correo electr\u00f3nico\" spellcheck=\"false\" required><\/div><div id=\"wpforms-1109-field_3-container\" class=\"wpforms-field wpforms-field-number\" data-field-id=\"3\"><label class=\"wpforms-field-label wpforms-label-hide\" for=\"wpforms-1109-field_3\">Numbers <span class=\"wpforms-required-label\">*<\/span><\/label><input type=\"number\" id=\"wpforms-1109-field_3\" class=\"wpforms-field-large wpforms-field-required\" name=\"wpforms[fields][3]\" placeholder=\"N\u00famero de contacto\" step=\"any\" required><\/div><div id=\"wpforms-1109-field_7-container\" class=\"wpforms-field wpforms-field-select wpforms-field-select-style-modern\" data-field-id=\"7\"><label class=\"wpforms-field-label wpforms-label-hide\" for=\"wpforms-1109-field_7\">Ciudad<\/label><select id=\"wpforms-1109-field_7\" class=\"wpforms-field-large choicesjs-select\" data-size-class=\"wpforms-field-row wpforms-field-large\" data-search-enabled=\"1\" name=\"wpforms[fields][7]\"><option value=\"\" class=\"placeholder\" disabled selected='selected'>Ciudad<\/option><option value=\"Dallas, TX\u200b\"  class=\"choice-1 depth-1\"  >Dallas, TX\u200b<\/option><option value=\"Fort Worth, TX\u200b\"  class=\"choice-2 depth-1\"  >Fort Worth, TX\u200b<\/option><option value=\"Denton, TX\u200b\"  class=\"choice-3 depth-1\"  >Denton, TX\u200b<\/option><option value=\"Arlington, TX\u200b\"  class=\"choice-4 depth-1\"  >Arlington, TX\u200b<\/option><option value=\"Ovilla, TX\"  class=\"choice-5 depth-1\"  >Ovilla, TX<\/option><option value=\"Richardson, TX\"  class=\"choice-6 depth-1\"  >Richardson, TX<\/option><option value=\"Rowlett, TX\"  class=\"choice-7 depth-1\"  >Rowlett, TX<\/option><option value=\"Seagoville, TX\"  class=\"choice-8 depth-1\"  >Seagoville, TX<\/option><option value=\"Sunnyvale, TX\"  class=\"choice-9 depth-1\"  >Sunnyvale, TX<\/option><option value=\"University Park, TX\"  class=\"choice-10 depth-1\"  >University Park, TX<\/option><option value=\"Wilmer, TX\"  class=\"choice-11 depth-1\"  >Wilmer, TX<\/option><option value=\"Wylie, TX\"  class=\"choice-12 depth-1\"  >Wylie, TX<\/option><option value=\"Irving, TX\"  class=\"choice-13 depth-1\"  >Irving, TX<\/option><option value=\"Euless, TX\"  class=\"choice-14 depth-1\"  >Euless, TX<\/option><option value=\"Carrollton, TX\"  class=\"choice-15 depth-1\"  >Carrollton, TX<\/option><option value=\"Mesquite, TX\"  class=\"choice-16 depth-1\"  >Mesquite, TX<\/option><option value=\"Frisco, TX\"  class=\"choice-20 depth-1\"  >Frisco, TX<\/option><\/select><\/div><div id=\"wpforms-1109-field_5-container\" class=\"wpforms-field wpforms-field-radio wpforms-list-inline\" data-field-id=\"5\"><label class=\"wpforms-field-label wpforms-label-hide\">Multiple Choice <span class=\"wpforms-required-label\">*<\/span><\/label><ul id=\"wpforms-1109-field_5\" class=\"wpforms-field-required\"><li class=\"choice-1 depth-1\"><input type=\"radio\" id=\"wpforms-1109-field_5_1\" name=\"wpforms[fields][5]\" value=\"Residential Cleaning\" required><label class=\"wpforms-field-label-inline\" for=\"wpforms-1109-field_5_1\">Limpieza residencial<\/label><\/li><li class=\"choice-2 depth-1\"><input type=\"radio\" id=\"wpforms-1109-field_5_2\" name=\"wpforms[fields][5]\" value=\"Commercial Cleaning\" required><label class=\"wpforms-field-label-inline\" for=\"wpforms-1109-field_5_2\">Limpieza comercial<\/label><\/li><li class=\"choice-3 depth-1\"><input type=\"radio\" id=\"wpforms-1109-field_5_3\" name=\"wpforms[fields][5]\" value=\"Customized Cleaning\" required><label class=\"wpforms-field-label-inline\" for=\"wpforms-1109-field_5_3\">Limpieza personalizada<\/label><\/li><\/ul><\/div><div id=\"wpforms-1109-field_4-container\" class=\"wpforms-field wpforms-field-textarea\" data-field-id=\"4\"><label class=\"wpforms-field-label wpforms-label-hide\" for=\"wpforms-1109-field_4\">Direcci\u00f3n f\u00edsica <span class=\"wpforms-required-label\">*<\/span><\/label><textarea id=\"wpforms-1109-field_4\" class=\"wpforms-field-medium wpforms-field-required\" name=\"wpforms[fields][4]\" placeholder=\"Direcci\u00f3n f\u00edsica\" required><\/textarea><\/div><div id=\"wpforms-1109-field_2-container\" class=\"wpforms-field wpforms-field-textarea\" data-field-id=\"2\"><label class=\"wpforms-field-label wpforms-label-hide\" for=\"wpforms-1109-field_2\">Mensaje <span class=\"wpforms-required-label\">*<\/span><\/label><textarea id=\"wpforms-1109-field_2\" class=\"wpforms-field-medium wpforms-field-required\" name=\"wpforms[fields][2]\" placeholder=\"Mensaje\" required><\/textarea><\/div><\/div><!-- .wpforms-field-container --><div class=\"wpforms-field wpforms-field-hp\"><label for=\"wpforms-1109-field-hp\" class=\"wpforms-field-label\">Correo electr\u00f3nico<\/label><input type=\"text\" name=\"wpforms[hp]\" id=\"wpforms-1109-field-hp\" class=\"wpforms-field-medium\"><\/div><div class=\"wpforms-recaptcha-container wpforms-is-recaptcha wpforms-is-recaptcha-type-v2\" ><div class=\"g-recaptcha\" data-sitekey=\"6Ldxw_EqAAAAAEnF1EfAuEaqExZPije1zzdYDbzn\"><\/div><input type=\"text\" name=\"g-recaptcha-hidden\" class=\"wpforms-recaptcha-hidden\" style=\"position:absolute!important;clip:rect(0,0,0,0)!important;height:1px!important;width:1px!important;border:0!important;overflow:hidden!important;padding:0!important;margin:0!important;\" data-rule-recaptcha=\"1\"><\/div><div class=\"wpforms-submit-container\" ><input type=\"hidden\" name=\"wpforms[id]\" value=\"1109\"><input type=\"hidden\" name=\"page_title\" value=\"\"><input type=\"hidden\" name=\"page_url\" value=\"https:\/\/megacleaningsolutionsllc.com\/es\/wp-json\/wp\/v2\/pages\/24\"><input type=\"hidden\" name=\"url_referer\" value=\"\"><button type=\"submit\" name=\"wpforms[submit]\" id=\"wpforms-submit-1109\" class=\"wpforms-submit\" data-alt-text=\"Sending...\" data-submit-text=\"Submit\" aria-live=\"assertive\" value=\"wpforms-submit\">Enviar<\/button><\/div><input type=\"hidden\" name=\"trp-form-language\" value=\"es\"\/><\/form><\/div>  <!-- .wpforms-container --><\/div>\n\t\t\t\t\t\t<\/div>\n\t\t\t\t<\/div>\n\t\t\t\t<\/div>\n\t\t<div class=\"elementor-element elementor-element-c9685da e-con-full e-flex e-con e-child\" data-id=\"c9685da\" data-element_type=\"container\" data-e-type=\"container\">\n\t\t\t\t<div class=\"elementor-element elementor-element-3312a07 elementor-view-default elementor-position-block-start elementor-mobile-position-block-start elementor-invisible elementor-widget elementor-widget-icon-box\" data-id=\"3312a07\" data-element_type=\"widget\" data-e-type=\"widget\" data-settings=\"{&quot;_animation&quot;:&quot;slideInRight&quot;}\" data-widget_type=\"icon-box.default\">\n\t\t\t\t<div class=\"elementor-widget-container\">\n\t\t\t\t\t\t\t<div class=\"elementor-icon-box-wrapper\">\n\n\t\t\t\t\t\t<div class=\"elementor-icon-box-icon\">\n\t\t\t\t<span  class=\"elementor-icon\">\n\t\t\t\t<svg aria-hidden=\"true\" class=\"e-font-icon-svg e-far-clock\" viewbox=\"0 0 512 512\" xmlns=\"http:\/\/www.w3.org\/2000\/svg\"><path d=\"M256 8C119 8 8 119 8 256s111 248 248 248 248-111 248-248S393 8 256 8zm0 448c-110.5 0-200-89.5-200-200S145.5 56 256 56s200 89.5 200 200-89.5 200-200 200zm61.8-104.4l-84.9-61.7c-3.1-2.3-4.9-5.9-4.9-9.7V116c0-6.6 5.4-12 12-12h32c6.6 0 12 5.4 12 12v141.7l66.8 48.6c5.4 3.9 6.5 11.4 2.6 16.8L334.6 349c-3.9 5.3-11.4 6.5-16.8 2.6z\"><\/path><\/svg>\t\t\t\t<\/span>\n\t\t\t<\/div>\n\t\t\t\n\t\t\t\t\t\t<div class=\"elementor-icon-box-content\">\n\n\t\t\t\t\t\t\t\t\t<h5 class=\"elementor-icon-box-title\">\n\t\t\t\t\t\t<span  >\n\t\t\t\t\t\t\tAhorre tiempo\t\t\t\t\t\t<\/span>\n\t\t\t\t\t<\/h5>\n\t\t\t\t\n\t\t\t\t\t\t\t\t\t<p class=\"elementor-icon-box-description\">\n\t\t\t\t\t\t Reserva en 2 minutos sin llamadas ni molestias. \u00a1Simplemente rellena nuestro formulario de contacto o ll\u00e1manos!\t\t\t\t\t<\/p>\n\t\t\t\t\n\t\t\t<\/div>\n\t\t\t\n\t\t<\/div>\n\t\t\t\t\t\t<\/div>\n\t\t\t\t<\/div>\n\t\t\t\t<div class=\"elementor-element elementor-element-95af73b elementor-view-default elementor-position-block-start elementor-mobile-position-block-start elementor-invisible elementor-widget elementor-widget-icon-box\" data-id=\"95af73b\" data-element_type=\"widget\" data-e-type=\"widget\" data-settings=\"{&quot;_animation&quot;:&quot;slideInRight&quot;}\" data-widget_type=\"icon-box.default\">\n\t\t\t\t<div class=\"elementor-widget-container\">\n\t\t\t\t\t\t\t<div class=\"elementor-icon-box-wrapper\">\n\n\t\t\t\t\t\t<div class=\"elementor-icon-box-icon\">\n\t\t\t\t<span  class=\"elementor-icon\">\n\t\t\t\t<svg aria-hidden=\"true\" class=\"e-font-icon-svg e-fab-cc-visa\" viewbox=\"0 0 576 512\" xmlns=\"http:\/\/www.w3.org\/2000\/svg\"><path d=\"M470.1 231.3s7.6 37.2 9.3 45H446c3.3-8.9 16-43.5 16-43.5-.2.3 3.3-9.1 5.3-14.9l2.8 13.4zM576 80v352c0 26.5-21.5 48-48 48H48c-26.5 0-48-21.5-48-48V80c0-26.5 21.5-48 48-48h480c26.5 0 48 21.5 48 48zM152.5 331.2L215.7 176h-42.5l-39.3 106-4.3-21.5-14-71.4c-2.3-9.9-9.4-12.7-18.2-13.1H32.7l-.7 3.1c15.8 4 29.9 9.8 42.2 17.1l35.8 135h42.5zm94.4.2L272.1 176h-40.2l-25.1 155.4h40.1zm139.9-50.8c.2-17.7-10.6-31.2-33.7-42.3-14.1-7.1-22.7-11.9-22.7-19.2.2-6.6 7.3-13.4 23.1-13.4 13.1-.3 22.7 2.8 29.9 5.9l3.6 1.7 5.5-33.6c-7.9-3.1-20.5-6.6-36-6.6-39.7 0-67.6 21.2-67.8 51.4-.3 22.3 20 34.7 35.2 42.2 15.5 7.6 20.8 12.6 20.8 19.3-.2 10.4-12.6 15.2-24.1 15.2-16 0-24.6-2.5-37.7-8.3l-5.3-2.5-5.6 34.9c9.4 4.3 26.8 8.1 44.8 8.3 42.2.1 69.7-20.8 70-53zM528 331.4L495.6 176h-31.1c-9.6 0-16.9 2.8-21 12.9l-59.7 142.5H426s6.9-19.2 8.4-23.3H486c1.2 5.5 4.8 23.3 4.8 23.3H528z\"><\/path><\/svg>\t\t\t\t<\/span>\n\t\t\t<\/div>\n\t\t\t\n\t\t\t\t\t\t<div class=\"elementor-icon-box-content\">\n\n\t\t\t\t\t\t\t\t\t<h5 class=\"elementor-icon-box-title\">\n\t\t\t\t\t\t<span  >\n\t\t\t\t\t\t\tPago sin efectivo\t\t\t\t\t\t<\/span>\n\t\t\t\t\t<\/h5>\n\t\t\t\t\n\t\t\t\t\t\t\t\t\t<p class=\"elementor-icon-box-description\">\n\t\t\t\t\t\tPague de forma segura en l\u00ednea usando tarjetas de cr\u00e9dito, billeteras digitales y disfrute de facturaci\u00f3n instant\u00e1nea.\t\t\t\t\t<\/p>\n\t\t\t\t\n\t\t\t<\/div>\n\t\t\t\n\t\t<\/div>\n\t\t\t\t\t\t<\/div>\n\t\t\t\t<\/div>\n\t\t\t\t<div class=\"elementor-element elementor-element-3b0caf2 elementor-view-default elementor-position-block-start elementor-mobile-position-block-start elementor-invisible elementor-widget elementor-widget-icon-box\" data-id=\"3b0caf2\" data-element_type=\"widget\" data-e-type=\"widget\" data-settings=\"{&quot;_animation&quot;:&quot;slideInRight&quot;}\" data-widget_type=\"icon-box.default\">\n\t\t\t\t<div class=\"elementor-widget-container\">\n\t\t\t\t\t\t\t<div class=\"elementor-icon-box-wrapper\">\n\n\t\t\t\t\t\t<div class=\"elementor-icon-box-icon\">\n\t\t\t\t<span  class=\"elementor-icon\">\n\t\t\t\t<svg aria-hidden=\"true\" class=\"e-font-icon-svg e-fas-comments\" viewbox=\"0 0 576 512\" xmlns=\"http:\/\/www.w3.org\/2000\/svg\"><path d=\"M416 192c0-88.4-93.1-160-208-160S0 103.6 0 192c0 34.3 14.1 65.9 38 92-13.4 30.2-35.5 54.2-35.8 54.5-2.2 2.3-2.8 5.7-1.5 8.7S4.8 352 8 352c36.6 0 66.9-12.3 88.7-25 32.2 15.7 70.3 25 111.3 25 114.9 0 208-71.6 208-160zm122 220c23.9-26 38-57.7 38-92 0-66.9-53.5-124.2-129.3-148.1.9 6.6 1.3 13.3 1.3 20.1 0 105.9-107.7 192-240 192-10.8 0-21.3-.8-31.7-1.9C207.8 439.6 281.8 480 368 480c41 0 79.1-9.2 111.3-25 21.8 12.7 52.1 25 88.7 25 3.2 0 6.1-1.9 7.3-4.8 1.3-2.9.7-6.3-1.5-8.7-.3-.3-22.4-24.2-35.8-54.5z\"><\/path><\/svg>\t\t\t\t<\/span>\n\t\t\t<\/div>\n\t\t\t\n\t\t\t\t\t\t<div class=\"elementor-icon-box-content\">\n\n\t\t\t\t\t\t\t\t\t<h5 class=\"elementor-icon-box-title\">\n\t\t\t\t\t\t<span  >\n\t\t\t\t\t\t\tComunicaci\u00f3n fluida\t\t\t\t\t\t<\/span>\n\t\t\t\t\t<\/h5>\n\t\t\t\t\n\t\t\t\t\t\t\t\t\t<p class=\"elementor-icon-box-description\">\n\t\t\t\t\t\tOfrecemos comunicaci\u00f3n las 24 horas, los 7 d\u00edas de la semana para mantenerlo actualizado sobre sus servicios de limpieza. Si su horario cambia, \u00a1solo av\u00edsenos!\t\t\t\t\t<\/p>\n\t\t\t\t\n\t\t\t<\/div>\n\t\t\t\n\t\t<\/div>\n\t\t\t\t\t\t<\/div>\n\t\t\t\t<\/div>\n\t\t\t\t<\/div>\n\t\t\t\t\t<\/div>\n\t\t\t\t<\/div>\n\t\t<div class=\"elementor-element elementor-element-d5a2899 e-flex e-con-boxed e-con e-parent\" data-id=\"d5a2899\" data-element_type=\"container\" data-e-type=\"container\">\n\t\t\t\t\t<div class=\"e-con-inner\">\n\t\t<div class=\"elementor-element elementor-element-af078c6 e-con-full e-flex e-con e-child\" data-id=\"af078c6\" data-element_type=\"container\" data-e-type=\"container\">\n\t\t\t\t<div class=\"elementor-element elementor-element-ba18378 elementor-invisible elementor-widget elementor-widget-heading\" data-id=\"ba18378\" data-element_type=\"widget\" data-e-type=\"widget\" data-settings=\"{&quot;_animation&quot;:&quot;fadeInDown&quot;}\" data-widget_type=\"heading.default\">\n\t\t\t\t<div class=\"elementor-widget-container\">\n\t\t\t\t\t<h2 class=\"elementor-heading-title elementor-size-default\">P\u00f3ngase en contacto con nuestros expertos<\/h2>\t\t\t\t<\/div>\n\t\t\t\t<\/div>\n\t\t\t\t<div class=\"elementor-element elementor-element-1df8140 elementor-invisible elementor-widget elementor-widget-text-editor\" data-id=\"1df8140\" data-element_type=\"widget\" data-e-type=\"widget\" data-settings=\"{&quot;_animation&quot;:&quot;fadeIn&quot;}\" data-widget_type=\"text-editor.default\">\n\t\t\t\t<div class=\"elementor-widget-container\">\n\t\t\t\t\t\t\t\t\t<p>Si necesita ayuda con la limpieza, estamos listos para ayudarlo. Ya sea que est\u00e9 buscando un servicio de limpieza residencial, un experto en limpieza comercial o necesite una soluci\u00f3n de limpieza profunda, podemos hacerlo todo. Nos enorgullecemos de brindar un servicio de alta calidad en todo momento.<\/p>\t\t\t\t\t\t\t\t<\/div>\n\t\t\t\t<\/div>\n\t\t\t\t<div class=\"elementor-element elementor-element-838fe72 elementor-align-center elementor-tablet-align-center elementor-mobile-align-center elementor-invisible elementor-widget elementor-widget-button\" data-id=\"838fe72\" data-element_type=\"widget\" data-e-type=\"widget\" data-settings=\"{&quot;_animation&quot;:&quot;fadeIn&quot;}\" data-widget_type=\"button.default\">\n\t\t\t\t<div class=\"elementor-widget-container\">\n\t\t\t\t\t\t\t\t\t<div class=\"elementor-button-wrapper\">\n\t\t\t\t\t<a class=\"elementor-button elementor-button-link elementor-size-sm elementor-animation-float\" href=\"tel:+1469-843-0900\">\n\t\t\t\t\t\t<span class=\"elementor-button-content-wrapper\">\n\t\t\t\t\t\t\t\t\t<span class=\"elementor-button-text\">LLAMA: +1469-843-0900<\/span>\n\t\t\t\t\t<\/span>\n\t\t\t\t\t<\/a>\n\t\t\t\t<\/div>\n\t\t\t\t\t\t\t\t<\/div>\n\t\t\t\t<\/div>\n\t\t<div class=\"elementor-element elementor-element-370df81 e-con-full e-flex e-con e-child\" data-id=\"370df81\" data-element_type=\"container\" data-e-type=\"container\">\n\t\t<div class=\"elementor-element elementor-element-08c3877 e-con-full e-flex elementor-invisible e-con e-child\" data-id=\"08c3877\" data-element_type=\"container\" data-e-type=\"container\" data-settings=\"{&quot;animation&quot;:&quot;slideInLeft&quot;}\">\n\t\t\t\t<div class=\"elementor-element elementor-element-31fa861 elementor-vertical-align-top elementor-widget elementor-widget-image-box\" data-id=\"31fa861\" data-element_type=\"widget\" data-e-type=\"widget\" data-widget_type=\"image-box.default\">\n\t\t\t\t<div class=\"elementor-widget-container\">\n\t\t\t\t\t<div class=\"elementor-image-box-wrapper\"><div class=\"elementor-image-box-content\"><h5 class=\"elementor-image-box-title\">Nuestra Ubicaci\u00f3n<\/h5><p class=\"elementor-image-box-description\">123, Central Square, New York, NY 1345<\/p><\/div><\/div>\t\t\t\t<\/div>\n\t\t\t\t<\/div>\n\t\t\t\t<\/div>\n\t\t<div class=\"elementor-element elementor-element-6de4d4a e-con-full e-flex elementor-invisible e-con e-child\" data-id=\"6de4d4a\" data-element_type=\"container\" data-e-type=\"container\" data-settings=\"{&quot;animation&quot;:&quot;slideInRight&quot;}\">\n\t\t\t\t<div class=\"elementor-element elementor-element-9457a19 elementor-vertical-align-top elementor-widget elementor-widget-image-box\" data-id=\"9457a19\" data-element_type=\"widget\" data-e-type=\"widget\" data-widget_type=\"image-box.default\">\n\t\t\t\t<div class=\"elementor-widget-container\">\n\t\t\t\t\t<div class=\"elementor-image-box-wrapper\"><div class=\"elementor-image-box-content\"><h5 class=\"elementor-image-box-title\">Contactanos Hoy<\/h5><p class=\"elementor-image-box-description\">kireniaperello739@gmail.com<\/p><\/div><\/div>\t\t\t\t<\/div>\n\t\t\t\t<\/div>\n\t\t\t\t<\/div>\n\t\t\t\t<\/div>\n\t\t\t\t<\/div>\n\t\t\t\t\t<\/div>\n\t\t\t\t<\/div>\n\t\t\t\t<\/div>","protected":false},"excerpt":{"rendered":"<p>Contact Us &amp; Enjoy Your Time Off Professional Cleaning Services in Texas \u2013 Contact Us Now Looking for professional cleaning services in Texas? Mega Cleaning Solutions offers top-tier cleaning for both residential and commercial spaces. Get in touch with us today to get a free cleaning quote. Our team is ready to provide fast, reliable, [&hellip;]<\/p>","protected":false},"author":1,"featured_media":0,"parent":0,"menu_order":0,"comment_status":"closed","ping_status":"closed","template":"","meta":{"site-sidebar-layout":"no-sidebar","site-content-layout":"page-builder","ast-site-content-layout":"full-width-container","site-content-style":"unboxed","site-sidebar-style":"unboxed","ast-global-header-display":"","ast-banner-title-visibility":"","ast-main-header-display":"","ast-hfb-above-header-display":"","ast-hfb-below-header-display":"","ast-hfb-mobile-header-display":"","site-post-title":"disabled","ast-breadcrumbs-content":"","ast-featured-img":"disabled","footer-sml-layout":"","ast-disable-related-posts":"","theme-transparent-header-meta":"default","adv-header-id-meta":"","stick-header-meta":"","header-above-stick-meta":"","header-main-stick-meta":"","header-below-stick-meta":"","astra-migrate-meta-layouts":"set","ast-page-background-enabled":"default","ast-page-background-meta":{"desktop":{"background-color":"","background-image":"","background-repeat":"repeat","background-position":"center center","background-size":"auto","background-attachment":"scroll","background-type":"","background-media":"","overlay-type":"","overlay-color":"","overlay-opacity":"","overlay-gradient":""},"tablet":{"background-color":"","background-image":"","background-repeat":"repeat","background-position":"center center","background-size":"auto","background-attachment":"scroll","background-type":"","background-media":"","overlay-type":"","overlay-color":"","overlay-opacity":"","overlay-gradient":""},"mobile":{"background-color":"","background-image":"","background-repeat":"repeat","background-position":"center center","background-size":"auto","background-attachment":"scroll","background-type":"","background-media":"","overlay-type":"","overlay-color":"","overlay-opacity":"","overlay-gradient":""}},"ast-content-background-meta":{"desktop":{"background-color":"var(--ast-global-color-5)","background-image":"","background-repeat":"repeat","background-position":"center center","background-size":"auto","background-attachment":"scroll","background-type":"","background-media":"","overlay-type":"","overlay-color":"","overlay-opacity":"","overlay-gradient":""},"tablet":{"background-color":"var(--ast-global-color-5)","background-image":"","background-repeat":"repeat","background-position":"center center","background-size":"auto","background-attachment":"scroll","background-type":"","background-media":"","overlay-type":"","overlay-color":"","overlay-opacity":"","overlay-gradient":""},"mobile":{"background-color":"var(--ast-global-color-5)","background-image":"","background-repeat":"repeat","background-position":"center center","background-size":"auto","background-attachment":"scroll","background-type":"","background-media":"","overlay-type":"","overlay-color":"","overlay-opacity":"","overlay-gradient":""}},"footnotes":""},"class_list":["post-24","page","type-page","status-publish","hentry"],"_links":{"self":[{"href":"https:\/\/megacleaningsolutionsllc.com\/es\/wp-json\/wp\/v2\/pages\/24","targetHints":{"allow":["GET"]}}],"collection":[{"href":"https:\/\/megacleaningsolutionsllc.com\/es\/wp-json\/wp\/v2\/pages"}],"about":[{"href":"https:\/\/megacleaningsolutionsllc.com\/es\/wp-json\/wp\/v2\/types\/page"}],"author":[{"embeddable":true,"href":"https:\/\/megacleaningsolutionsllc.com\/es\/wp-json\/wp\/v2\/users\/1"}],"replies":[{"embeddable":true,"href":"https:\/\/megacleaningsolutionsllc.com\/es\/wp-json\/wp\/v2\/comments?post=24"}],"version-history":[{"count":57,"href":"https:\/\/megacleaningsolutionsllc.com\/es\/wp-json\/wp\/v2\/pages\/24\/revisions"}],"predecessor-version":[{"id":2546,"href":"https:\/\/megacleaningsolutionsllc.com\/es\/wp-json\/wp\/v2\/pages\/24\/revisions\/2546"}],"wp:attachment":[{"href":"https:\/\/megacleaningsolutionsllc.com\/es\/wp-json\/wp\/v2\/media?parent=24"}],"curies":[{"name":"wp","href":"https:\/\/api.w.org\/{rel}","templated":true}]}}